{"id":680,"date":"2022-01-21T20:11:49","date_gmt":"2022-01-21T20:11:49","guid":{"rendered":"https:\/\/longcargo.com.mx\/Long\/?page_id=680"},"modified":"2022-11-01T22:32:59","modified_gmt":"2022-11-01T22:32:59","slug":"elementor-680","status":"publish","type":"page","link":"https:\/\/longcargo.mx\/Long\/elementor-680\/","title":{"rendered":"Log\u00edstica"},"content":{"rendered":"\t\t<div data-elementor-type=\"wp-page\" data-elementor-id=\"680\" class=\"elementor elementor-680\">\n\t\t\t\t\t\t<section class=\"elementor-section elementor-top-section elementor-element elementor-element-0c62a52 elementor-section-full_width elementor-section-height-default elementor-section-height-default\" data-id=\"0c62a52\" data-element_type=\"section\">\n\t\t\t\t\t\t<div class=\"elementor-container elementor-column-gap-default\">\n\t\t\t\t\t<div class=\"elementor-column elementor-col-100 elementor-top-column elementor-element elementor-element-ae04fb8\" data-id=\"ae04fb8\" data-element_type=\"column\">\n\t\t\t<div class=\"elementor-widget-wrap elementor-element-populated\">\n\t\t\t\t\t\t<div class=\"elementor-element elementor-element-6e76bdb elementor-widget elementor-widget-image\" data-id=\"6e76bdb\" data-element_type=\"widget\" data-widget_type=\"image.default\">\n\t\t\t\t<div class=\"elementor-widget-container\">\n\t\t\t\t\t\t\t\t\t\t\t\t\t\t\t<img fetchpriority=\"high\" decoding=\"async\" width=\"2560\" height=\"1349\" src=\"https:\/\/longcargo.mx\/Long\/wp-content\/uploads\/2022\/01\/SEr-scaled.jpg\" class=\"attachment-full size-full wp-image-698\" alt=\"\" srcset=\"https:\/\/longcargo.mx\/Long\/wp-content\/uploads\/2022\/01\/SEr-scaled.jpg 2560w, https:\/\/longcargo.mx\/Long\/wp-content\/uploads\/2022\/01\/SEr-300x158.jpg 300w, https:\/\/longcargo.mx\/Long\/wp-content\/uploads\/2022\/01\/SEr-1024x540.jpg 1024w, https:\/\/longcargo.mx\/Long\/wp-content\/uploads\/2022\/01\/SEr-768x405.jpg 768w, https:\/\/longcargo.mx\/Long\/wp-content\/uploads\/2022\/01\/SEr-1536x809.jpg 1536w, https:\/\/longcargo.mx\/Long\/wp-content\/uploads\/2022\/01\/SEr-2048x1079.jpg 2048w\" sizes=\"(max-width: 2560px) 100vw, 2560px\" \/>\t\t\t\t\t\t\t\t\t\t\t\t\t\t\t<\/div>\n\t\t\t\t<\/div>\n\t\t\t\t\t<\/div>\n\t\t<\/div>\n\t\t\t\t\t<\/div>\n\t\t<\/section>\n\t\t\t\t<section class=\"elementor-section elementor-top-section elementor-element elementor-element-51cddf3 elementor-section-boxed elementor-section-height-default elementor-section-height-default\" data-id=\"51cddf3\" data-element_type=\"section\" data-settings=\"{&quot;background_background&quot;:&quot;classic&quot;}\">\n\t\t\t\t\t\t<div class=\"elementor-container elementor-column-gap-default\">\n\t\t\t\t\t<div class=\"elementor-column elementor-col-100 elementor-top-column elementor-element elementor-element-de01b12\" data-id=\"de01b12\" data-element_type=\"column\">\n\t\t\t<div class=\"elementor-widget-wrap elementor-element-populated\">\n\t\t\t\t\t\t<div class=\"elementor-element elementor-element-9450bd3 elementor-widget-divider--separator-type-pattern elementor-widget-divider--view-line elementor-widget elementor-widget-divider\" data-id=\"9450bd3\" data-element_type=\"widget\" id=\"mar\" data-widget_type=\"divider.default\">\n\t\t\t\t<div class=\"elementor-widget-container\">\n\t\t\t\t\t\t\t<div class=\"elementor-divider\" style=\"--divider-pattern-url: url(&quot;data:image\/svg+xml,%3Csvg xmlns=&#039;http:\/\/www.w3.org\/2000\/svg&#039; preserveAspectRatio=&#039;none&#039; overflow=&#039;visible&#039; height=&#039;100%&#039; viewBox=&#039;0 0 24 24&#039; fill=&#039;black&#039; stroke=&#039;none&#039;%3E%3Cpolygon points=&#039;9.4,2 24,2 14.6,21.6 0,21.6&#039;\/%3E%3C\/svg%3E&quot;);\">\n\t\t\t<span class=\"elementor-divider-separator\">\n\t\t\t\t\t\t<\/span>\n\t\t<\/div>\n\t\t\t\t\t\t<\/div>\n\t\t\t\t<\/div>\n\t\t\t\t<div class=\"elementor-element elementor-element-42795cb elementor-widget elementor-widget-heading\" data-id=\"42795cb\" data-element_type=\"widget\" data-widget_type=\"heading.default\">\n\t\t\t\t<div class=\"elementor-widget-container\">\n\t\t\t\t\t<h1 class=\"elementor-heading-title elementor-size-xl\">SERVICIO MAR\u00cdTIMO<\/h1>\t\t\t\t<\/div>\n\t\t\t\t<\/div>\n\t\t\t\t<div class=\"elementor-element elementor-element-ccd07f8 elementor-widget elementor-widget-text-editor\" data-id=\"ccd07f8\" data-element_type=\"widget\" data-widget_type=\"text-editor.default\">\n\t\t\t\t<div class=\"elementor-widget-container\">\n\t\t\t\t\t\t\t\t\t<p style=\"text-align: justify;\">El transporte mar\u00edtimo es en la actualidad el principal medio de transporte para el comercio internacional. Nosotros le ofrecemos la mejor soluci\u00f3n, adapt\u00e1ndonos a las necesidades espec\u00edficas de su mercanc\u00eda. En Dragon Cargo operamos en los principales puertos del mundo, garantizando el transporte puerta a puerta con el servicio m\u00e1s seguro para sus env\u00edos ya sea en contenedor completo FCL o en consolidado.<\/p>\t\t\t\t\t\t\t\t<\/div>\n\t\t\t\t<\/div>\n\t\t\t\t<div class=\"elementor-element elementor-element-1874d43 elementor-widget elementor-widget-spacer\" data-id=\"1874d43\" data-element_type=\"widget\" data-widget_type=\"spacer.default\">\n\t\t\t\t<div class=\"elementor-widget-container\">\n\t\t\t\t\t\t\t<div class=\"elementor-spacer\">\n\t\t\t<div class=\"elementor-spacer-inner\"><\/div>\n\t\t<\/div>\n\t\t\t\t\t\t<\/div>\n\t\t\t\t<\/div>\n\t\t\t\t<div class=\"elementor-element elementor-element-8fe907e elementor-widget-divider--separator-type-pattern elementor-widget-divider--view-line elementor-widget elementor-widget-divider\" data-id=\"8fe907e\" data-element_type=\"widget\" id=\"aereo\" data-widget_type=\"divider.default\">\n\t\t\t\t<div class=\"elementor-widget-container\">\n\t\t\t\t\t\t\t<div class=\"elementor-divider\" style=\"--divider-pattern-url: url(&quot;data:image\/svg+xml,%3Csvg xmlns=&#039;http:\/\/www.w3.org\/2000\/svg&#039; preserveAspectRatio=&#039;none&#039; overflow=&#039;visible&#039; height=&#039;100%&#039; viewBox=&#039;0 0 24 24&#039; fill=&#039;black&#039; stroke=&#039;none&#039;%3E%3Cpolygon points=&#039;9.4,2 24,2 14.6,21.6 0,21.6&#039;\/%3E%3C\/svg%3E&quot;);\">\n\t\t\t<span class=\"elementor-divider-separator\">\n\t\t\t\t\t\t<\/span>\n\t\t<\/div>\n\t\t\t\t\t\t<\/div>\n\t\t\t\t<\/div>\n\t\t\t\t<div class=\"elementor-element elementor-element-afee3fe elementor-widget elementor-widget-heading\" data-id=\"afee3fe\" data-element_type=\"widget\" data-widget_type=\"heading.default\">\n\t\t\t\t<div class=\"elementor-widget-container\">\n\t\t\t\t\t<h1 class=\"elementor-heading-title elementor-size-xl\">SERVICIO A\u00c9REO<\/h1>\t\t\t\t<\/div>\n\t\t\t\t<\/div>\n\t\t\t\t<div class=\"elementor-element elementor-element-10d5cec elementor-widget elementor-widget-text-editor\" data-id=\"10d5cec\" data-element_type=\"widget\" data-widget_type=\"text-editor.default\">\n\t\t\t\t<div class=\"elementor-widget-container\">\n\t\t\t\t\t\t\t\t\t<p style=\"text-align: justify;\">En Dragon Cargo contamos con negociaciones con las principales aerol\u00edneas de cada Tr\u00e1fico, las cuales nos permiten transportar mercanc\u00edas de todas partes del mundo.<br \/>Nuestro equipo de especialistas en Transporte A\u00e9reo buscar\u00e1 las soluciones t\u00e9cnicas y operativas m\u00e1s rentables.<\/p>\t\t\t\t\t\t\t\t<\/div>\n\t\t\t\t<\/div>\n\t\t\t\t<div class=\"elementor-element elementor-element-5e71130 elementor-widget elementor-widget-spacer\" data-id=\"5e71130\" data-element_type=\"widget\" data-widget_type=\"spacer.default\">\n\t\t\t\t<div class=\"elementor-widget-container\">\n\t\t\t\t\t\t\t<div class=\"elementor-spacer\">\n\t\t\t<div class=\"elementor-spacer-inner\"><\/div>\n\t\t<\/div>\n\t\t\t\t\t\t<\/div>\n\t\t\t\t<\/div>\n\t\t\t\t<div class=\"elementor-element elementor-element-d50f147 elementor-widget-divider--separator-type-pattern elementor-widget-divider--view-line elementor-widget elementor-widget-divider\" data-id=\"d50f147\" data-element_type=\"widget\" id=\"ter\" data-widget_type=\"divider.default\">\n\t\t\t\t<div class=\"elementor-widget-container\">\n\t\t\t\t\t\t\t<div class=\"elementor-divider\" style=\"--divider-pattern-url: url(&quot;data:image\/svg+xml,%3Csvg xmlns=&#039;http:\/\/www.w3.org\/2000\/svg&#039; preserveAspectRatio=&#039;none&#039; overflow=&#039;visible&#039; height=&#039;100%&#039; viewBox=&#039;0 0 24 24&#039; fill=&#039;black&#039; stroke=&#039;none&#039;%3E%3Cpolygon points=&#039;9.4,2 24,2 14.6,21.6 0,21.6&#039;\/%3E%3C\/svg%3E&quot;);\">\n\t\t\t<span class=\"elementor-divider-separator\">\n\t\t\t\t\t\t<\/span>\n\t\t<\/div>\n\t\t\t\t\t\t<\/div>\n\t\t\t\t<\/div>\n\t\t\t\t<div class=\"elementor-element elementor-element-50ff16a elementor-widget elementor-widget-heading\" data-id=\"50ff16a\" data-element_type=\"widget\" id=\"terr\" data-widget_type=\"heading.default\">\n\t\t\t\t<div class=\"elementor-widget-container\">\n\t\t\t\t\t<h1 class=\"elementor-heading-title elementor-size-xl\">SERVICIO TERRESTRE<\/h1>\t\t\t\t<\/div>\n\t\t\t\t<\/div>\n\t\t\t\t<div class=\"elementor-element elementor-element-ac26769 elementor-widget elementor-widget-text-editor\" data-id=\"ac26769\" data-element_type=\"widget\" data-widget_type=\"text-editor.default\">\n\t\t\t\t<div class=\"elementor-widget-container\">\n\t\t\t\t\t\t\t\t\t<p style=\"text-align: justify;\">Dragon Cargo cuenta con acuerdos y negociaciones con las empresas m\u00e1s importantes del rubro de Transporte Terrestre, para poder ofrecer el traslado de sus mercanc\u00edas tanto en cajas secas, completas o consolidadas.<\/p>\t\t\t\t\t\t\t\t<\/div>\n\t\t\t\t<\/div>\n\t\t\t\t<div class=\"elementor-element elementor-element-ab68255 elementor-widget elementor-widget-spacer\" data-id=\"ab68255\" data-element_type=\"widget\" data-widget_type=\"spacer.default\">\n\t\t\t\t<div class=\"elementor-widget-container\">\n\t\t\t\t\t\t\t<div class=\"elementor-spacer\">\n\t\t\t<div class=\"elementor-spacer-inner\"><\/div>\n\t\t<\/div>\n\t\t\t\t\t\t<\/div>\n\t\t\t\t<\/div>\n\t\t\t\t\t<\/div>\n\t\t<\/div>\n\t\t\t\t\t<\/div>\n\t\t<\/section>\n\t\t\t\t<\/div>\n\t\t","protected":false},"excerpt":{"rendered":"<p>SERVICIO MAR\u00cdTIMO El transporte mar\u00edtimo es en la actualidad el principal medio de transporte para el comercio internacional. Nosotros le ofrecemos la mejor soluci\u00f3n, adapt\u00e1ndonos a las necesidades espec\u00edficas de su mercanc\u00eda. En Dragon Cargo operamos en los principales puertos del mundo, garantizando el transporte puerta a puerta con el servicio m\u00e1s seguro para sus [&hellip;]<\/p>\n","protected":false},"author":1,"featured_media":0,"parent":0,"menu_order":0,"comment_status":"closed","ping_status":"closed","template":"","meta":{"_joinchat":[],"footnotes":""},"class_list":["post-680","page","type-page","status-publish","hentry","entry"],"_links":{"self":[{"href":"https:\/\/longcargo.mx\/Long\/wp-json\/wp\/v2\/pages\/680","targetHints":{"allow":["GET"]}}],"collection":[{"href":"https:\/\/longcargo.mx\/Long\/wp-json\/wp\/v2\/pages"}],"about":[{"href":"https:\/\/longcargo.mx\/Long\/wp-json\/wp\/v2\/types\/page"}],"author":[{"embeddable":true,"href":"https:\/\/longcargo.mx\/Long\/wp-json\/wp\/v2\/users\/1"}],"replies":[{"embeddable":true,"href":"https:\/\/longcargo.mx\/Long\/wp-json\/wp\/v2\/comments?post=680"}],"version-history":[{"count":98,"href":"https:\/\/longcargo.mx\/Long\/wp-json\/wp\/v2\/pages\/680\/revisions"}],"predecessor-version":[{"id":2426,"href":"https:\/\/longcargo.mx\/Long\/wp-json\/wp\/v2\/pages\/680\/revisions\/2426"}],"wp:attachment":[{"href":"https:\/\/longcargo.mx\/Long\/wp-json\/wp\/v2\/media?parent=680"}],"curies":[{"name":"wp","href":"https:\/\/api.w.org\/{rel}","templated":true}]}}