{"id":779,"date":"2022-01-21T23:15:20","date_gmt":"2022-01-21T23:15:20","guid":{"rendered":"https:\/\/longcargo.com.mx\/Long\/?page_id=779"},"modified":"2022-10-10T13:16:48","modified_gmt":"2022-10-10T13:16:48","slug":"importacion","status":"publish","type":"page","link":"https:\/\/longcargo.mx\/Long\/importacion\/","title":{"rendered":"Importaci\u00f3n"},"content":{"rendered":"\t\t<div data-elementor-type=\"wp-page\" data-elementor-id=\"779\" class=\"elementor elementor-779\">\n\t\t\t\t\t\t<section class=\"elementor-section elementor-top-section elementor-element elementor-element-590fdc4 elementor-section-full_width elementor-section-height-default elementor-section-height-default\" data-id=\"590fdc4\" data-element_type=\"section\">\n\t\t\t\t\t\t<div class=\"elementor-container elementor-column-gap-default\">\n\t\t\t\t\t<div class=\"elementor-column elementor-col-100 elementor-top-column elementor-element elementor-element-2499c4e\" data-id=\"2499c4e\" data-element_type=\"column\">\n\t\t\t<div class=\"elementor-widget-wrap elementor-element-populated\">\n\t\t\t\t\t\t<div class=\"elementor-element elementor-element-4a7449b elementor-widget elementor-widget-image\" data-id=\"4a7449b\" data-element_type=\"widget\" data-widget_type=\"image.default\">\n\t\t\t\t<div class=\"elementor-widget-container\">\n\t\t\t\t\t\t\t\t\t\t\t\t\t\t\t<img fetchpriority=\"high\" decoding=\"async\" width=\"1898\" height=\"1000\" src=\"https:\/\/longcargo.mx\/Long\/wp-content\/uploads\/2022\/01\/Imp.jpg\" class=\"attachment-full size-full wp-image-783\" alt=\"\" srcset=\"https:\/\/longcargo.mx\/Long\/wp-content\/uploads\/2022\/01\/Imp.jpg 1898w, https:\/\/longcargo.mx\/Long\/wp-content\/uploads\/2022\/01\/Imp-300x158.jpg 300w, https:\/\/longcargo.mx\/Long\/wp-content\/uploads\/2022\/01\/Imp-1024x540.jpg 1024w, https:\/\/longcargo.mx\/Long\/wp-content\/uploads\/2022\/01\/Imp-768x405.jpg 768w, https:\/\/longcargo.mx\/Long\/wp-content\/uploads\/2022\/01\/Imp-1536x809.jpg 1536w\" sizes=\"(max-width: 1898px) 100vw, 1898px\" \/>\t\t\t\t\t\t\t\t\t\t\t\t\t\t\t<\/div>\n\t\t\t\t<\/div>\n\t\t\t\t\t<\/div>\n\t\t<\/div>\n\t\t\t\t\t<\/div>\n\t\t<\/section>\n\t\t\t\t<section class=\"elementor-section elementor-top-section elementor-element elementor-element-cfb2452 elementor-section-boxed elementor-section-height-default elementor-section-height-default\" data-id=\"cfb2452\" data-element_type=\"section\">\n\t\t\t\t\t\t<div class=\"elementor-container elementor-column-gap-default\">\n\t\t\t\t\t<div class=\"elementor-column elementor-col-100 elementor-top-column elementor-element elementor-element-d019444\" data-id=\"d019444\" data-element_type=\"column\">\n\t\t\t<div class=\"elementor-widget-wrap elementor-element-populated\">\n\t\t\t\t\t\t<div class=\"elementor-element elementor-element-731e82e elementor-widget elementor-widget-spacer\" data-id=\"731e82e\" data-element_type=\"widget\" data-widget_type=\"spacer.default\">\n\t\t\t\t<div class=\"elementor-widget-container\">\n\t\t\t\t\t\t\t<div class=\"elementor-spacer\">\n\t\t\t<div class=\"elementor-spacer-inner\"><\/div>\n\t\t<\/div>\n\t\t\t\t\t\t<\/div>\n\t\t\t\t<\/div>\n\t\t\t\t<div class=\"elementor-element elementor-element-37b2ee0 elementor-widget-divider--separator-type-pattern elementor-widget-divider--no-spacing elementor-widget-divider--view-line elementor-widget elementor-widget-divider\" data-id=\"37b2ee0\" data-element_type=\"widget\" data-widget_type=\"divider.default\">\n\t\t\t\t<div class=\"elementor-widget-container\">\n\t\t\t\t\t\t\t<div class=\"elementor-divider\" style=\"--divider-pattern-url: url(&quot;data:image\/svg+xml,%3Csvg xmlns=&#039;http:\/\/www.w3.org\/2000\/svg&#039; preserveAspectRatio=&#039;none&#039; overflow=&#039;visible&#039; height=&#039;100%&#039; viewBox=&#039;0 0 24 24&#039; fill=&#039;black&#039; stroke=&#039;none&#039;%3E%3Cpath d=&#039;M24,8v12H0V8H24z M24,4v1H0V4H24z&#039;\/%3E%3C\/svg%3E&quot;);\">\n\t\t\t<span class=\"elementor-divider-separator\">\n\t\t\t\t\t\t<\/span>\n\t\t<\/div>\n\t\t\t\t\t\t<\/div>\n\t\t\t\t<\/div>\n\t\t\t\t<div class=\"elementor-element elementor-element-87fc5ff elementor-widget elementor-widget-heading\" data-id=\"87fc5ff\" data-element_type=\"widget\" data-widget_type=\"heading.default\">\n\t\t\t\t<div class=\"elementor-widget-container\">\n\t\t\t\t\t<h2 class=\"elementor-heading-title elementor-size-xl\">Servicio de Importaci\u00f3n<\/h2>\t\t\t\t<\/div>\n\t\t\t\t<\/div>\n\t\t\t\t<div class=\"elementor-element elementor-element-fc24806 elementor-widget elementor-widget-text-editor\" data-id=\"fc24806\" data-element_type=\"widget\" data-widget_type=\"text-editor.default\">\n\t\t\t\t<div class=\"elementor-widget-container\">\n\t\t\t\t\t\t\t\t\t<p><span style=\"color: #000000; font-family: 'Open Sans', sans-serif; font-size: 14px; font-style: normal; font-variant-ligatures: normal; font-variant-caps: normal; font-weight: 400; text-align: justify;\">Dragon Cargo cuenta con la infraestructura y presencia mundial necesaria para realizar cualquier tipo de operaci\u00f3n de importaci\u00f3n (mar\u00edtima, a\u00e9rea o terrestre) en las aduanas m\u00e1s importantes de M\u00e9xico y cualquier parte del mundo. Gracias a que contamos con una gran red de agentes en el mundo y personal calificado.<\/span><\/p><p style=\"text-align: left;\"><span style=\"color: #000000; font-family: 'Open Sans', sans-serif; font-size: 14px; font-style: normal; font-variant-ligatures: normal; font-variant-caps: normal; font-weight: 400; text-align: justify;\">Garantizamos seguridad administrativa y fiscal en cada una de las operaciones de importaci\u00f3n realizadas.<\/span><br style=\"color: #000000; font-family: 'Open Sans', sans-serif; text-align: justify;\" \/><span style=\"color: #000000; font-family: 'Open Sans', sans-serif; font-size: 14px; font-style: normal; font-variant-ligatures: normal; font-variant-caps: normal; font-weight: 400; text-align: justify;\">Estamos conscientes de lo importante que es llevar a cabo una gesti\u00f3n correcta en cualquier operaci\u00f3n de comercio exterior, por ello, Dragon Cargo tiene la experiencia para satisfacer las necesidades de sus operaciones internacionales.<\/span><span style=\"color: #000000; font-family: 'Open Sans', sans-serif; font-size: 14px; font-style: normal; font-variant-ligatures: normal; font-variant-caps: normal; font-weight: 400; text-align: justify;\"><br \/><\/span><\/p>\t\t\t\t\t\t\t\t<\/div>\n\t\t\t\t<\/div>\n\t\t\t\t<div class=\"elementor-element elementor-element-775a976 elementor-widget elementor-widget-image\" data-id=\"775a976\" data-element_type=\"widget\" data-widget_type=\"image.default\">\n\t\t\t\t<div class=\"elementor-widget-container\">\n\t\t\t\t\t\t\t\t\t\t\t\t\t\t\t<img decoding=\"async\" width=\"700\" height=\"441\" src=\"https:\/\/longcargo.mx\/Long\/wp-content\/uploads\/2022\/01\/Importacion-700x441-1.jpg\" class=\"attachment-large size-large wp-image-922\" alt=\"\" srcset=\"https:\/\/longcargo.mx\/Long\/wp-content\/uploads\/2022\/01\/Importacion-700x441-1.jpg 700w, https:\/\/longcargo.mx\/Long\/wp-content\/uploads\/2022\/01\/Importacion-700x441-1-300x189.jpg 300w\" sizes=\"(max-width: 700px) 100vw, 700px\" \/>\t\t\t\t\t\t\t\t\t\t\t\t\t\t\t<\/div>\n\t\t\t\t<\/div>\n\t\t\t\t<div class=\"elementor-element elementor-element-ed12de4 elementor-widget elementor-widget-spacer\" data-id=\"ed12de4\" data-element_type=\"widget\" data-widget_type=\"spacer.default\">\n\t\t\t\t<div class=\"elementor-widget-container\">\n\t\t\t\t\t\t\t<div class=\"elementor-spacer\">\n\t\t\t<div class=\"elementor-spacer-inner\"><\/div>\n\t\t<\/div>\n\t\t\t\t\t\t<\/div>\n\t\t\t\t<\/div>\n\t\t\t\t\t<\/div>\n\t\t<\/div>\n\t\t\t\t\t<\/div>\n\t\t<\/section>\n\t\t\t\t<\/div>\n\t\t","protected":false},"excerpt":{"rendered":"<p>Servicio de Importaci\u00f3n Dragon Cargo cuenta con la infraestructura y presencia mundial necesaria para realizar cualquier tipo de operaci\u00f3n de importaci\u00f3n (mar\u00edtima, a\u00e9rea o terrestre) en las aduanas m\u00e1s importantes de M\u00e9xico y cualquier parte del mundo. Gracias a que contamos con una gran red de agentes en el mundo y personal calificado. Garantizamos seguridad [&hellip;]<\/p>\n","protected":false},"author":1,"featured_media":0,"parent":0,"menu_order":0,"comment_status":"closed","ping_status":"closed","template":"","meta":{"_joinchat":[],"footnotes":""},"class_list":["post-779","page","type-page","status-publish","hentry","entry"],"_links":{"self":[{"href":"https:\/\/longcargo.mx\/Long\/wp-json\/wp\/v2\/pages\/779","targetHints":{"allow":["GET"]}}],"collection":[{"href":"https:\/\/longcargo.mx\/Long\/wp-json\/wp\/v2\/pages"}],"about":[{"href":"https:\/\/longcargo.mx\/Long\/wp-json\/wp\/v2\/types\/page"}],"author":[{"embeddable":true,"href":"https:\/\/longcargo.mx\/Long\/wp-json\/wp\/v2\/users\/1"}],"replies":[{"embeddable":true,"href":"https:\/\/longcargo.mx\/Long\/wp-json\/wp\/v2\/comments?post=779"}],"version-history":[{"count":31,"href":"https:\/\/longcargo.mx\/Long\/wp-json\/wp\/v2\/pages\/779\/revisions"}],"predecessor-version":[{"id":2269,"href":"https:\/\/longcargo.mx\/Long\/wp-json\/wp\/v2\/pages\/779\/revisions\/2269"}],"wp:attachment":[{"href":"https:\/\/longcargo.mx\/Long\/wp-json\/wp\/v2\/media?parent=779"}],"curies":[{"name":"wp","href":"https:\/\/api.w.org\/{rel}","templated":true}]}}