{"id":868,"date":"2022-01-24T20:02:12","date_gmt":"2022-01-24T20:02:12","guid":{"rendered":"https:\/\/longcargo.com.mx\/Long\/?page_id=868"},"modified":"2022-01-30T21:19:51","modified_gmt":"2022-01-30T21:19:51","slug":"aduanas","status":"publish","type":"page","link":"https:\/\/longcargo.mx\/Long\/aduanas\/","title":{"rendered":"Aduanas"},"content":{"rendered":"\t\t<div data-elementor-type=\"wp-page\" data-elementor-id=\"868\" class=\"elementor elementor-868\">\n\t\t\t\t\t\t<section class=\"elementor-section elementor-top-section elementor-element elementor-element-5368f35 elementor-section-full_width elementor-section-height-default elementor-section-height-default\" data-id=\"5368f35\" data-element_type=\"section\">\n\t\t\t\t\t\t<div class=\"elementor-container elementor-column-gap-default\">\n\t\t\t\t\t<div class=\"elementor-column elementor-col-100 elementor-top-column elementor-element elementor-element-18cdac5\" data-id=\"18cdac5\" data-element_type=\"column\">\n\t\t\t<div class=\"elementor-widget-wrap elementor-element-populated\">\n\t\t\t\t\t\t<div class=\"elementor-element elementor-element-7d9203b elementor-widget elementor-widget-image\" data-id=\"7d9203b\" data-element_type=\"widget\" data-widget_type=\"image.default\">\n\t\t\t\t<div class=\"elementor-widget-container\">\n\t\t\t\t\t\t\t\t\t\t\t\t\t\t\t<img fetchpriority=\"high\" decoding=\"async\" width=\"2000\" height=\"857\" src=\"https:\/\/longcargo.mx\/Long\/wp-content\/uploads\/2022\/01\/Aduanas.jpg\" class=\"attachment-full size-full wp-image-871\" alt=\"\" srcset=\"https:\/\/longcargo.mx\/Long\/wp-content\/uploads\/2022\/01\/Aduanas.jpg 2000w, https:\/\/longcargo.mx\/Long\/wp-content\/uploads\/2022\/01\/Aduanas-300x129.jpg 300w, https:\/\/longcargo.mx\/Long\/wp-content\/uploads\/2022\/01\/Aduanas-1024x439.jpg 1024w, https:\/\/longcargo.mx\/Long\/wp-content\/uploads\/2022\/01\/Aduanas-768x329.jpg 768w, https:\/\/longcargo.mx\/Long\/wp-content\/uploads\/2022\/01\/Aduanas-1536x658.jpg 1536w\" sizes=\"(max-width: 2000px) 100vw, 2000px\" \/>\t\t\t\t\t\t\t\t\t\t\t\t\t\t\t<\/div>\n\t\t\t\t<\/div>\n\t\t\t\t\t<\/div>\n\t\t<\/div>\n\t\t\t\t\t<\/div>\n\t\t<\/section>\n\t\t\t\t<section class=\"elementor-section elementor-top-section elementor-element elementor-element-f4d3911 elementor-section-boxed elementor-section-height-default elementor-section-height-default\" data-id=\"f4d3911\" data-element_type=\"section\">\n\t\t\t\t\t\t<div class=\"elementor-container elementor-column-gap-default\">\n\t\t\t\t\t<div class=\"elementor-column elementor-col-100 elementor-top-column elementor-element elementor-element-768ad86\" data-id=\"768ad86\" data-element_type=\"column\">\n\t\t\t<div class=\"elementor-widget-wrap elementor-element-populated\">\n\t\t\t\t\t\t<div class=\"elementor-element elementor-element-f407660 elementor-widget elementor-widget-spacer\" data-id=\"f407660\" data-element_type=\"widget\" data-widget_type=\"spacer.default\">\n\t\t\t\t<div class=\"elementor-widget-container\">\n\t\t\t\t\t\t\t<div class=\"elementor-spacer\">\n\t\t\t<div class=\"elementor-spacer-inner\"><\/div>\n\t\t<\/div>\n\t\t\t\t\t\t<\/div>\n\t\t\t\t<\/div>\n\t\t\t\t\t<\/div>\n\t\t<\/div>\n\t\t\t\t\t<\/div>\n\t\t<\/section>\n\t\t\t\t<section class=\"elementor-section elementor-top-section elementor-element elementor-element-8ca2ac8 elementor-section-boxed elementor-section-height-default elementor-section-height-default\" data-id=\"8ca2ac8\" data-element_type=\"section\">\n\t\t\t\t\t\t<div class=\"elementor-container elementor-column-gap-default\">\n\t\t\t\t\t<div class=\"elementor-column elementor-col-100 elementor-top-column elementor-element elementor-element-fc1c9b9\" data-id=\"fc1c9b9\" data-element_type=\"column\">\n\t\t\t<div class=\"elementor-widget-wrap elementor-element-populated\">\n\t\t\t\t\t\t<div class=\"elementor-element elementor-element-5df7924 elementor-widget elementor-widget-heading\" data-id=\"5df7924\" data-element_type=\"widget\" data-widget_type=\"heading.default\">\n\t\t\t\t<div class=\"elementor-widget-container\">\n\t\t\t\t\t<h2 class=\"elementor-heading-title elementor-size-xl\">ADUANAS<\/h2>\t\t\t\t<\/div>\n\t\t\t\t<\/div>\n\t\t\t\t<div class=\"elementor-element elementor-element-3ee9b23 elementor-widget elementor-widget-text-editor\" data-id=\"3ee9b23\" data-element_type=\"widget\" data-widget_type=\"text-editor.default\">\n\t\t\t\t<div class=\"elementor-widget-container\">\n\t\t\t\t\t\t\t\t\t<p>Contamos con enlaces en las aduanas m\u00e1s importantes de M\u00e9xico, as\u00ed como con personal calificado y con alta experiencia para darle los servicios necesarios.<\/p><p>Todo esto para poder brindarle un servicio integral y de alto nivel en exportaciones e importaciones.<\/p>\t\t\t\t\t\t\t\t<\/div>\n\t\t\t\t<\/div>\n\t\t\t\t\t<\/div>\n\t\t<\/div>\n\t\t\t\t\t<\/div>\n\t\t<\/section>\n\t\t\t\t<section class=\"elementor-section elementor-top-section elementor-element elementor-element-058deca elementor-section-boxed elementor-section-height-default elementor-section-height-default\" data-id=\"058deca\" data-element_type=\"section\">\n\t\t\t\t\t\t<div class=\"elementor-container elementor-column-gap-default\">\n\t\t\t\t\t<div class=\"elementor-column elementor-col-50 elementor-top-column elementor-element elementor-element-2cd760c\" data-id=\"2cd760c\" data-element_type=\"column\">\n\t\t\t<div class=\"elementor-widget-wrap elementor-element-populated\">\n\t\t\t\t\t\t<div class=\"elementor-element elementor-element-d6db3ed elementor-widget elementor-widget-image\" data-id=\"d6db3ed\" data-element_type=\"widget\" data-widget_type=\"image.default\">\n\t\t\t\t<div class=\"elementor-widget-container\">\n\t\t\t\t\t\t\t\t\t\t\t\t\t\t\t<img decoding=\"async\" width=\"460\" height=\"295\" src=\"https:\/\/longcargo.mx\/Long\/wp-content\/uploads\/2022\/01\/aduanas2-460x295-1.jpg\" class=\"attachment-large size-large wp-image-879\" alt=\"\" srcset=\"https:\/\/longcargo.mx\/Long\/wp-content\/uploads\/2022\/01\/aduanas2-460x295-1.jpg 460w, https:\/\/longcargo.mx\/Long\/wp-content\/uploads\/2022\/01\/aduanas2-460x295-1-300x192.jpg 300w\" sizes=\"(max-width: 460px) 100vw, 460px\" \/>\t\t\t\t\t\t\t\t\t\t\t\t\t\t\t<\/div>\n\t\t\t\t<\/div>\n\t\t\t\t\t<\/div>\n\t\t<\/div>\n\t\t\t\t<div class=\"elementor-column elementor-col-50 elementor-top-column elementor-element elementor-element-5788075\" data-id=\"5788075\" data-element_type=\"column\">\n\t\t\t<div class=\"elementor-widget-wrap elementor-element-populated\">\n\t\t\t\t\t\t<div class=\"elementor-element elementor-element-01e7f54 elementor-widget elementor-widget-image\" data-id=\"01e7f54\" data-element_type=\"widget\" data-widget_type=\"image.default\">\n\t\t\t\t<div class=\"elementor-widget-container\">\n\t\t\t\t\t\t\t\t\t\t\t\t\t\t\t<img decoding=\"async\" width=\"460\" height=\"295\" src=\"https:\/\/longcargo.mx\/Long\/wp-content\/uploads\/2022\/01\/desca-460x295-1.jpg\" class=\"attachment-large size-large wp-image-878\" alt=\"\" srcset=\"https:\/\/longcargo.mx\/Long\/wp-content\/uploads\/2022\/01\/desca-460x295-1.jpg 460w, https:\/\/longcargo.mx\/Long\/wp-content\/uploads\/2022\/01\/desca-460x295-1-300x192.jpg 300w\" sizes=\"(max-width: 460px) 100vw, 460px\" \/>\t\t\t\t\t\t\t\t\t\t\t\t\t\t\t<\/div>\n\t\t\t\t<\/div>\n\t\t\t\t\t<\/div>\n\t\t<\/div>\n\t\t\t\t\t<\/div>\n\t\t<\/section>\n\t\t\t\t<section class=\"elementor-section elementor-top-section elementor-element elementor-element-2529632 elementor-section-boxed elementor-section-height-default elementor-section-height-default\" data-id=\"2529632\" data-element_type=\"section\">\n\t\t\t\t\t\t<div class=\"elementor-container elementor-column-gap-default\">\n\t\t\t\t\t<div class=\"elementor-column elementor-col-100 elementor-top-column elementor-element elementor-element-036fe70\" data-id=\"036fe70\" data-element_type=\"column\">\n\t\t\t<div class=\"elementor-widget-wrap elementor-element-populated\">\n\t\t\t\t\t\t<div class=\"elementor-element elementor-element-e4afacc elementor-widget elementor-widget-spacer\" data-id=\"e4afacc\" data-element_type=\"widget\" data-widget_type=\"spacer.default\">\n\t\t\t\t<div class=\"elementor-widget-container\">\n\t\t\t\t\t\t\t<div class=\"elementor-spacer\">\n\t\t\t<div class=\"elementor-spacer-inner\"><\/div>\n\t\t<\/div>\n\t\t\t\t\t\t<\/div>\n\t\t\t\t<\/div>\n\t\t\t\t\t<\/div>\n\t\t<\/div>\n\t\t\t\t\t<\/div>\n\t\t<\/section>\n\t\t\t\t<\/div>\n\t\t","protected":false},"excerpt":{"rendered":"<p>ADUANAS Contamos con enlaces en las aduanas m\u00e1s importantes de M\u00e9xico, as\u00ed como con personal calificado y con alta experiencia para darle los servicios necesarios. Todo esto para poder brindarle un servicio integral y de alto nivel en exportaciones e importaciones.<\/p>\n","protected":false},"author":1,"featured_media":0,"parent":0,"menu_order":0,"comment_status":"closed","ping_status":"closed","template":"","meta":{"_joinchat":[],"footnotes":""},"class_list":["post-868","page","type-page","status-publish","hentry","entry"],"_links":{"self":[{"href":"https:\/\/longcargo.mx\/Long\/wp-json\/wp\/v2\/pages\/868","targetHints":{"allow":["GET"]}}],"collection":[{"href":"https:\/\/longcargo.mx\/Long\/wp-json\/wp\/v2\/pages"}],"about":[{"href":"https:\/\/longcargo.mx\/Long\/wp-json\/wp\/v2\/types\/page"}],"author":[{"embeddable":true,"href":"https:\/\/longcargo.mx\/Long\/wp-json\/wp\/v2\/users\/1"}],"replies":[{"embeddable":true,"href":"https:\/\/longcargo.mx\/Long\/wp-json\/wp\/v2\/comments?post=868"}],"version-history":[{"count":16,"href":"https:\/\/longcargo.mx\/Long\/wp-json\/wp\/v2\/pages\/868\/revisions"}],"predecessor-version":[{"id":891,"href":"https:\/\/longcargo.mx\/Long\/wp-json\/wp\/v2\/pages\/868\/revisions\/891"}],"wp:attachment":[{"href":"https:\/\/longcargo.mx\/Long\/wp-json\/wp\/v2\/media?parent=868"}],"curies":[{"name":"wp","href":"https:\/\/api.w.org\/{rel}","templated":true}]}}