{"id":892,"date":"2022-01-24T21:44:43","date_gmt":"2022-01-24T21:44:43","guid":{"rendered":"https:\/\/longcargo.com.mx\/Long\/?page_id=892"},"modified":"2022-11-01T22:15:49","modified_gmt":"2022-11-01T22:15:49","slug":"aviso-de-privacidad","status":"publish","type":"page","link":"https:\/\/longcargo.mx\/Long\/aviso-de-privacidad\/","title":{"rendered":"Aviso de Privacidad"},"content":{"rendered":"\t\t<div data-elementor-type=\"wp-page\" data-elementor-id=\"892\" class=\"elementor elementor-892\">\n\t\t\t\t\t\t<section class=\"elementor-section elementor-top-section elementor-element elementor-element-9c458d6 elementor-section-boxed elementor-section-height-default elementor-section-height-default\" data-id=\"9c458d6\" data-element_type=\"section\" data-settings=\"{&quot;background_background&quot;:&quot;classic&quot;}\">\n\t\t\t\t\t\t<div class=\"elementor-container elementor-column-gap-default\">\n\t\t\t\t\t<div class=\"elementor-column elementor-col-100 elementor-top-column elementor-element elementor-element-0cd9a01\" data-id=\"0cd9a01\" data-element_type=\"column\">\n\t\t\t<div class=\"elementor-widget-wrap elementor-element-populated\">\n\t\t\t\t\t\t<div class=\"elementor-element elementor-element-8bd4eb2 elementor-widget elementor-widget-spacer\" data-id=\"8bd4eb2\" data-element_type=\"widget\" data-widget_type=\"spacer.default\">\n\t\t\t\t<div class=\"elementor-widget-container\">\n\t\t\t\t\t\t\t<div class=\"elementor-spacer\">\n\t\t\t<div class=\"elementor-spacer-inner\"><\/div>\n\t\t<\/div>\n\t\t\t\t\t\t<\/div>\n\t\t\t\t<\/div>\n\t\t\t\t<div class=\"elementor-element elementor-element-54b8d59 elementor-widget elementor-widget-text-editor\" data-id=\"54b8d59\" data-element_type=\"widget\" data-widget_type=\"text-editor.default\">\n\t\t\t\t<div class=\"elementor-widget-container\">\n\t\t\t\t\t\t\t\t\t<p style=\"text-align: justify;\"><span style=\"color: #ffffff;\"><b>Dragon Cargo, hace de su conocimiento los t\u00e9rminos y condiciones del trato de los datos personales.<\/b><\/span><\/p>\n<p style=\"text-align: justify;\"><span style=\"color: #ffffff;\"><b>Autorizaci\u00f3n para el tratamiento de la informaci\u00f3n<\/b><\/span><\/p>\n<p style=\"text-align: justify;\"><span style=\"color: #ffffff;\"><b>Al consentir estos t\u00e9rminos, el Titular de la informaci\u00f3n autoriza a&nbsp;Dragon Cargo a recabar y tratar sus datos personales (por ejemplo nombre, domicilio, tel\u00e9fonos, correo electr\u00f3nico, copias de identificaciones y\/o documentos oficiales, informaci\u00f3n crediticia y\/o financiera, datos bancarios, datos de facturaci\u00f3n, etc.) que por su propia voluntad proporciona de manera oral, escrita, por medios f\u00edsicos, electr\u00f3nicos, electromagn\u00e9ticos, visuales, sonoros o cualquier otro, la cual puede incluir datos personales sensibles como lo son: informaci\u00f3n racial, estado de salud, informaci\u00f3n gen\u00e9tica, creencias, religiosas, pol\u00edticas, morales, preferencias sexuales, etc.<\/b><\/span><\/p>\n<p style=\"text-align: justify;\"><span style=\"color: #ffffff;\"><b>As\u00ed mismo, otorga su autorizaci\u00f3n para que&nbsp;Dragon Cargo pueda tratar, usar, almacenar y\/o transferir sus datos personales (incluyendo datos sensibles) a terceros, sean nacionales o extranjeros, siempre que los datos sean utilizados para los fines que aqu\u00ed se se\u00f1alan.<\/b><\/span><\/p>\n<p style=\"text-align: left;\"><span style=\"color: #ffffff;\"><b>Finalidad<\/b><\/span><\/p>\n<p style=\"text-align: justify;\"><span style=\"color: #ffffff;\"><b>Los datos personales incluyendo los sensibles, ser\u00e1n utilizados \u00fanicamente para cumplir los fines para los cuales fueron proporcionados por su Titular, como pudiera ser: ingresar al padr\u00f3n de proveedores, ingresar al cat\u00e1logo de clientes, para el cumplimiento de obligaciones derivadas de operaciones mercantiles en las que usted es parte como por ejemplo; contratos de servicios o cualquier indole relacionada al servicio, registro de cuentas de correo , redes sociales y relacionadas pertinentes a la materia del servicio proporcionado, operaciones financieras, pagos, o bien, para proporcionarle informaci\u00f3n de productos, servicios, promociones, encuestas o avisos que pudieran ser de su inter\u00e9s.<\/b><\/span><\/p>\n<p style=\"text-align: justify;\"><span style=\"color: #ffffff;\"><b>Protecci\u00f3n de Datos<\/b><\/span><\/p>\n<p style=\"text-align: justify;\"><span style=\"color: #ffffff;\"><b>Dragon Cargo cuenta con los medios f\u00edsicos y digitales para proteger y limitar el uso o divulgaci\u00f3n de su informaci\u00f3n y no obtiene ni almacena informaci\u00f3n de ninguna especie mediante cookies, web beacons o similares durante el acceso a su p\u00e1gina web y no utiliza la informaci\u00f3n de los particulares para fines distintos a los relacionados con sus operaciones comerciales y\/o los arriba se\u00f1alados.<\/b><\/span><\/p>\n<p style=\"text-align: left;\"><span style=\"color: #ffffff;\"><b>Medio para ejercer los derechos relativos a su informaci\u00f3n<\/b><\/span><\/p>\n<p style=\"text-align: justify;\"><span style=\"color: #ffffff;\"><b>El Titular de la Informaci\u00f3n personal podr\u00e1 en cualquier momento ejercer los derechos de acceso, rectificaci\u00f3n, cancelaci\u00f3n u oposici\u00f3n de sus datos (ARCO), o bien, revocar el consentimiento que nos ha otorgado para el tratamiento de sus datos personales, a fin de que dejemos de hacer uso de los mismos. Para ello, es necesario que presente una solicitud por escrito dirigida a Dragon Cargo, en el domicilio aqu\u00ed establecido, debiendo se\u00f1alar en la misma, domicilio y\/o correo electr\u00f3nico para recibir notificaciones, documentos que acrediten su identidad, descripci\u00f3n clara y precisa de los datos personales, el objeto de la solicitud y anexar copia de los documentos o elementos en que sustente su petici\u00f3n. Dragon Cargo comunicar\u00e1 la respuesta en un plazo de 20 d\u00edas contados a partir de la recepci\u00f3n de la solicitud y la respuesta se notificar\u00e1 al Titular por el medio se\u00f1alado en la misma.<\/b><\/span><\/p>\n<p style=\"text-align: left;\"><span style=\"color: #ffffff;\"><b>Modificaciones<\/b><\/span><\/p>\n<p style=\"text-align: justify;\"><span style=\"color: #ffffff;\"><b>Cualquier modificaci\u00f3n a los t\u00e9rminos del Aviso de Privacidad se dar\u00e1 a conocer por medio del portal www.longcargo.com.mx y al no presentar oposici\u00f3n alguna dentro del t\u00e9rmino de 5 d\u00edas posteriores a la modificaci\u00f3n, se entiende que el Titular de la informaci\u00f3n consiente y est\u00e1 de acuerdo con los nuevos t\u00e9rminos.<\/b><\/span><\/p>\n<p style=\"text-align: left;\"><span style=\"color: #ffffff;\"><b>Consentimiento<\/b><\/span><\/p>\n<p style=\"text-align: justify;\"><span style=\"color: #ffffff;\"><b>Al proporcionar informaci\u00f3n personal y sensible de manera f\u00edsica, electr\u00f3nica o por cualquier medio, usted declara que ha le\u00eddo el presente Aviso de Privacidad y entiende el alcance y contenido del mismo, y al no manifestar oposici\u00f3n por escrito ante la empresa referida, expresa su entera conformidad con los t\u00e9rminos y autorizaciones aqu\u00ed contenidas. Si Usted no est\u00e1 de acuerdo con los t\u00e9rminos se\u00f1alados en este aviso, no ingrese ni proporcione sus datos personales por ning\u00fan medio.<\/b><\/span><\/p>\n<p style=\"text-align: left;\"><span style=\"color: #ffffff;\"><b>Contacto<\/b><\/span><\/p>\n<p style=\"text-align: left;\"><span style=\"color: #ffffff;\"><b>Dragon Cargo se\u00f1ala como domicilio para efectos de este aviso el ubicado en Cop\u00e9rnico N\u00b0 88 Col. Anzures, Miguel Hidalgo, M\u00e9xico D.F, C.P. 11590.<\/b><\/span><\/p>\n<p style=\"text-align: left;\"><span style=\"color: #ffffff;\"><b>Contacto: Atenci\u00f3n a clientes, \u00c1rea de Administraci\u00f3n y Trato de Datos personales<\/b><\/span><\/p>\n<p style=\"text-align: left;\"><span style=\"color: #ffffff;\"><b>Tel: 55 8664 5700<\/b><\/span><\/p>\n<p style=\"text-align: left;\"><span style=\"color: #ffffff;\"><b>Email:&nbsp;<\/b><\/span><\/p>\t\t\t\t\t\t\t\t<\/div>\n\t\t\t\t<\/div>\n\t\t\t\t<div class=\"elementor-element elementor-element-c82c369 elementor-widget elementor-widget-spacer\" data-id=\"c82c369\" data-element_type=\"widget\" data-widget_type=\"spacer.default\">\n\t\t\t\t<div class=\"elementor-widget-container\">\n\t\t\t\t\t\t\t<div class=\"elementor-spacer\">\n\t\t\t<div class=\"elementor-spacer-inner\"><\/div>\n\t\t<\/div>\n\t\t\t\t\t\t<\/div>\n\t\t\t\t<\/div>\n\t\t\t\t\t<\/div>\n\t\t<\/div>\n\t\t\t\t\t<\/div>\n\t\t<\/section>\n\t\t\t\t<\/div>\n\t\t","protected":false},"excerpt":{"rendered":"<p>Dragon Cargo, hace de su conocimiento los t\u00e9rminos y condiciones del trato de los datos personales. Autorizaci\u00f3n para el tratamiento de la informaci\u00f3n Al consentir estos t\u00e9rminos, el Titular de la informaci\u00f3n autoriza a&nbsp;Dragon Cargo a recabar y tratar sus datos personales (por ejemplo nombre, domicilio, tel\u00e9fonos, correo electr\u00f3nico, copias de identificaciones y\/o documentos oficiales, [&hellip;]<\/p>\n","protected":false},"author":1,"featured_media":0,"parent":0,"menu_order":0,"comment_status":"closed","ping_status":"closed","template":"","meta":{"_joinchat":[],"footnotes":""},"class_list":["post-892","page","type-page","status-publish","hentry","entry"],"_links":{"self":[{"href":"https:\/\/longcargo.mx\/Long\/wp-json\/wp\/v2\/pages\/892","targetHints":{"allow":["GET"]}}],"collection":[{"href":"https:\/\/longcargo.mx\/Long\/wp-json\/wp\/v2\/pages"}],"about":[{"href":"https:\/\/longcargo.mx\/Long\/wp-json\/wp\/v2\/types\/page"}],"author":[{"embeddable":true,"href":"https:\/\/longcargo.mx\/Long\/wp-json\/wp\/v2\/users\/1"}],"replies":[{"embeddable":true,"href":"https:\/\/longcargo.mx\/Long\/wp-json\/wp\/v2\/comments?post=892"}],"version-history":[{"count":22,"href":"https:\/\/longcargo.mx\/Long\/wp-json\/wp\/v2\/pages\/892\/revisions"}],"predecessor-version":[{"id":2408,"href":"https:\/\/longcargo.mx\/Long\/wp-json\/wp\/v2\/pages\/892\/revisions\/2408"}],"wp:attachment":[{"href":"https:\/\/longcargo.mx\/Long\/wp-json\/wp\/v2\/media?parent=892"}],"curies":[{"name":"wp","href":"https:\/\/api.w.org\/{rel}","templated":true}]}}